{"id":16455,"date":"2026-05-06T16:25:04","date_gmt":"2026-05-06T14:25:04","guid":{"rendered":"https:\/\/sottocer.eu\/?page_id=16455"},"modified":"2026-05-07T11:00:51","modified_gmt":"2026-05-07T09:00:51","slug":"earth","status":"publish","type":"page","link":"https:\/\/sottocer.eu\/fr\/earth\/","title":{"rendered":"Earth"},"content":{"rendered":"","protected":false},"excerpt":{"rendered":"","protected":false},"author":1,"featured_media":0,"parent":0,"menu_order":17,"comment_status":"closed","ping_status":"closed","template":"","meta":{"footnotes":""},"class_list":["post-16455","page","type-page","status-publish","hentry"],"yoast_head":"<!-- This site is optimized with the Yoast SEO plugin v27.6 - https:\/\/yoast.com\/product\/yoast-seo-wordpress\/ -->\n<title>D\u00e9couvrez la nouvelle collection Earth. Ces carreaux de c\u00e9ramique allient une \u00e9l\u00e9gance intemporelle \u00e0 une qualit\u00e9 durable, parfaits pour ceux qui souhaitent cr\u00e9er une ambiance \u00e0 la fois styl\u00e9e et naturelle.<\/title>\n<meta name=\"description\" content=\"Sottocer Sense wandtegels.\" \/>\n<meta name=\"robots\" content=\"index, follow, max-snippet:-1, max-image-preview:large, max-video-preview:-1\" \/>\n<link rel=\"canonical\" href=\"https:\/\/sottocer.eu\/earth\/\" \/>\n<meta property=\"og:locale\" content=\"fr_FR\" \/>\n<meta property=\"og:type\" content=\"article\" \/>\n<meta property=\"og:title\" content=\"D\u00e9couvrez la nouvelle collection Earth. Ces carreaux de c\u00e9ramique allient une \u00e9l\u00e9gance intemporelle \u00e0 une qualit\u00e9 durable, parfaits pour ceux qui souhaitent cr\u00e9er une ambiance \u00e0 la fois styl\u00e9e et naturelle.\" \/>\n<meta property=\"og:description\" content=\"Sottocer Sense wandtegels.\" \/>\n<meta property=\"og:url\" content=\"https:\/\/sottocer.eu\/earth\/\" \/>\n<meta property=\"og:site_name\" content=\"Sottocer\" \/>\n<meta property=\"article:modified_time\" content=\"2026-05-07T09:00:51+00:00\" \/>\n<meta name=\"twitter:card\" content=\"summary_large_image\" \/>\n<script type=\"application\/ld+json\" class=\"yoast-schema-graph\">{\"@context\":\"https:\\\/\\\/schema.org\",\"@graph\":[{\"@type\":\"WebPage\",\"@id\":\"https:\\\/\\\/sottocer.eu\\\/earth\\\/\",\"url\":\"https:\\\/\\\/sottocer.eu\\\/earth\\\/\",\"name\":\"D\u00e9couvrez la nouvelle collection Earth. Ces carreaux de c\u00e9ramique allient une \u00e9l\u00e9gance intemporelle \u00e0 une qualit\u00e9 durable, parfaits pour ceux qui souhaitent cr\u00e9er une ambiance \u00e0 la fois styl\u00e9e et naturelle.\",\"isPartOf\":{\"@id\":\"https:\\\/\\\/sottocer.eu\\\/#website\"},\"datePublished\":\"2026-05-06T14:25:04+00:00\",\"dateModified\":\"2026-05-07T09:00:51+00:00\",\"description\":\"Sottocer Sense wandtegels.\",\"breadcrumb\":{\"@id\":\"https:\\\/\\\/sottocer.eu\\\/earth\\\/#breadcrumb\"},\"inLanguage\":\"fr-FR\",\"potentialAction\":[{\"@type\":\"ReadAction\",\"target\":[\"https:\\\/\\\/sottocer.eu\\\/earth\\\/\"]}]},{\"@type\":\"BreadcrumbList\",\"@id\":\"https:\\\/\\\/sottocer.eu\\\/earth\\\/#breadcrumb\",\"itemListElement\":[{\"@type\":\"ListItem\",\"position\":1,\"name\":\"Home\",\"item\":\"https:\\\/\\\/sottocer.eu\\\/\"},{\"@type\":\"ListItem\",\"position\":2,\"name\":\"Earth\"}]},{\"@type\":\"WebSite\",\"@id\":\"https:\\\/\\\/sottocer.eu\\\/#website\",\"url\":\"https:\\\/\\\/sottocer.eu\\\/\",\"name\":\"Sottocer\",\"description\":\"vintage in wall and floor\",\"publisher\":{\"@id\":\"https:\\\/\\\/sottocer.eu\\\/#organization\"},\"potentialAction\":[{\"@type\":\"SearchAction\",\"target\":{\"@type\":\"EntryPoint\",\"urlTemplate\":\"https:\\\/\\\/sottocer.eu\\\/?s={search_term_string}\"},\"query-input\":{\"@type\":\"PropertyValueSpecification\",\"valueRequired\":true,\"valueName\":\"search_term_string\"}}],\"inLanguage\":\"fr-FR\"},{\"@type\":\"Organization\",\"@id\":\"https:\\\/\\\/sottocer.eu\\\/#organization\",\"name\":\"Sottocer\",\"url\":\"https:\\\/\\\/sottocer.eu\\\/\",\"logo\":{\"@type\":\"ImageObject\",\"inLanguage\":\"fr-FR\",\"@id\":\"https:\\\/\\\/sottocer.eu\\\/#\\\/schema\\\/logo\\\/image\\\/\",\"url\":\"https:\\\/\\\/sottocer.eu\\\/wp-content\\\/uploads\\\/2017\\\/09\\\/logo-sottocer.png\",\"contentUrl\":\"https:\\\/\\\/sottocer.eu\\\/wp-content\\\/uploads\\\/2017\\\/09\\\/logo-sottocer.png\",\"width\":241,\"height\":241,\"caption\":\"Sottocer\"},\"image\":{\"@id\":\"https:\\\/\\\/sottocer.eu\\\/#\\\/schema\\\/logo\\\/image\\\/\"}}]}<\/script>\n<!-- \/ Yoast SEO plugin. -->","yoast_head_json":{"title":"D\u00e9couvrez la nouvelle collection Earth. Ces carreaux de c\u00e9ramique allient une \u00e9l\u00e9gance intemporelle \u00e0 une qualit\u00e9 durable, parfaits pour ceux qui souhaitent cr\u00e9er une ambiance \u00e0 la fois styl\u00e9e et naturelle.","description":"Sottocer Sense wandtegels.","robots":{"index":"index","follow":"follow","max-snippet":"max-snippet:-1","max-image-preview":"max-image-preview:large","max-video-preview":"max-video-preview:-1"},"canonical":"https:\/\/sottocer.eu\/earth\/","og_locale":"fr_FR","og_type":"article","og_title":"D\u00e9couvrez la nouvelle collection Earth. Ces carreaux de c\u00e9ramique allient une \u00e9l\u00e9gance intemporelle \u00e0 une qualit\u00e9 durable, parfaits pour ceux qui souhaitent cr\u00e9er une ambiance \u00e0 la fois styl\u00e9e et naturelle.","og_description":"Sottocer Sense wandtegels.","og_url":"https:\/\/sottocer.eu\/earth\/","og_site_name":"Sottocer","article_modified_time":"2026-05-07T09:00:51+00:00","twitter_card":"summary_large_image","schema":{"@context":"https:\/\/schema.org","@graph":[{"@type":"WebPage","@id":"https:\/\/sottocer.eu\/earth\/","url":"https:\/\/sottocer.eu\/earth\/","name":"D\u00e9couvrez la nouvelle collection Earth. Ces carreaux de c\u00e9ramique allient une \u00e9l\u00e9gance intemporelle \u00e0 une qualit\u00e9 durable, parfaits pour ceux qui souhaitent cr\u00e9er une ambiance \u00e0 la fois styl\u00e9e et naturelle.","isPartOf":{"@id":"https:\/\/sottocer.eu\/#website"},"datePublished":"2026-05-06T14:25:04+00:00","dateModified":"2026-05-07T09:00:51+00:00","description":"Sottocer Sense wandtegels.","breadcrumb":{"@id":"https:\/\/sottocer.eu\/earth\/#breadcrumb"},"inLanguage":"fr-FR","potentialAction":[{"@type":"ReadAction","target":["https:\/\/sottocer.eu\/earth\/"]}]},{"@type":"BreadcrumbList","@id":"https:\/\/sottocer.eu\/earth\/#breadcrumb","itemListElement":[{"@type":"ListItem","position":1,"name":"Home","item":"https:\/\/sottocer.eu\/"},{"@type":"ListItem","position":2,"name":"Earth"}]},{"@type":"WebSite","@id":"https:\/\/sottocer.eu\/#website","url":"https:\/\/sottocer.eu\/","name":"Sottocer","description":"vintage in wall and floor","publisher":{"@id":"https:\/\/sottocer.eu\/#organization"},"potentialAction":[{"@type":"SearchAction","target":{"@type":"EntryPoint","urlTemplate":"https:\/\/sottocer.eu\/?s={search_term_string}"},"query-input":{"@type":"PropertyValueSpecification","valueRequired":true,"valueName":"search_term_string"}}],"inLanguage":"fr-FR"},{"@type":"Organization","@id":"https:\/\/sottocer.eu\/#organization","name":"Sottocer","url":"https:\/\/sottocer.eu\/","logo":{"@type":"ImageObject","inLanguage":"fr-FR","@id":"https:\/\/sottocer.eu\/#\/schema\/logo\/image\/","url":"https:\/\/sottocer.eu\/wp-content\/uploads\/2017\/09\/logo-sottocer.png","contentUrl":"https:\/\/sottocer.eu\/wp-content\/uploads\/2017\/09\/logo-sottocer.png","width":241,"height":241,"caption":"Sottocer"},"image":{"@id":"https:\/\/sottocer.eu\/#\/schema\/logo\/image\/"}}]}},"_links":{"self":[{"href":"https:\/\/sottocer.eu\/fr\/wp-json\/wp\/v2\/pages\/16455","targetHints":{"allow":["GET"]}}],"collection":[{"href":"https:\/\/sottocer.eu\/fr\/wp-json\/wp\/v2\/pages"}],"about":[{"href":"https:\/\/sottocer.eu\/fr\/wp-json\/wp\/v2\/types\/page"}],"author":[{"embeddable":true,"href":"https:\/\/sottocer.eu\/fr\/wp-json\/wp\/v2\/users\/1"}],"replies":[{"embeddable":true,"href":"https:\/\/sottocer.eu\/fr\/wp-json\/wp\/v2\/comments?post=16455"}],"version-history":[{"count":1,"href":"https:\/\/sottocer.eu\/fr\/wp-json\/wp\/v2\/pages\/16455\/revisions"}],"predecessor-version":[{"id":16515,"href":"https:\/\/sottocer.eu\/fr\/wp-json\/wp\/v2\/pages\/16455\/revisions\/16515"}],"wp:attachment":[{"href":"https:\/\/sottocer.eu\/fr\/wp-json\/wp\/v2\/media?parent=16455"}],"curies":[{"name":"wp","href":"https:\/\/api.w.org\/{rel}","templated":true}]}}