{"id":319,"date":"2018-03-27T14:14:01","date_gmt":"2018-03-27T12:14:01","guid":{"rendered":"https:\/\/sottocer.eu\/?page_id=319"},"modified":"2024-07-29T09:35:31","modified_gmt":"2024-07-29T07:35:31","slug":"concept","status":"publish","type":"page","link":"https:\/\/sottocer.eu\/fr\/concept\/","title":{"rendered":"Concept"},"content":{"rendered":"<p>METRO<\/p>\n<h5>CONCEPT<\/h5>\n<h6 class=\"ondertitel\">Carreaux c\u00e9ramique<\/h6>\n<p><i>La collection CONCEPT vous plonge dans une ambiance r\u00e9tro avec de magnifiques carreaux aux motifs fleuris et \u00e9pur\u00e9s de 20 x 20 cm. Les carreaux Plain forment une s\u00e9rie de carreaux d\u00e9coratifs unis qu&rsquo;on peut combiner \u00e0 l&rsquo;infini avec les autres carreaux de la collection CONCEPT. Vous pouvez ainsi cr\u00e9er des accents ou donner une touche apaisante \u00e0 tous les sols.<br \/>\n<\/i><\/p>\n<p>center<\/p>\n<p>no-repeat;center top;;<\/p>\n<p>auto<\/p>\n<p>0px<\/p>\n<p><img decoding=\"async\" src=\"https:\/\/sottocer.eu\/wp-content\/uploads\/2018\/04\/SOTTOCER_CONCEPT_LILY_1_20X20.jpg\" alt=\"SOTTOCER_CONCEPT_LILY_1_20X20\"\/><\/p>\n<h3>Lily<\/h3>\n<p><span class=\"afmeting-look\">20 x 20 x 0.8 cm<\/span><br \/>\n<a class=\"simple-link\" href=\"https:\/\/sottocer.eu\/fr\/concept\/lily\">Consultez la collection<\/a><\/p>\n<p>no-repeat;center top;;<\/p>\n<p>auto<\/p>\n<p><img decoding=\"async\" src=\"https:\/\/sottocer.eu\/wp-content\/uploads\/2018\/04\/SOTTOCER_CONCEPT_ROSE_2_20X20_.jpg\" alt=\"SOTTOCER_CONCEPT_ROSE_2_20X20_\"\/><\/p>\n<h3>Rose<\/h3>\n<p><span class=\"afmeting-look\">20 x 20 x 0.8 cm<\/span><br \/>\n<a class=\"simple-link\" href=\"https:\/\/sottocer.eu\/fr\/concept\/rose\/\">Consultez la collection<\/a><\/p>\n<p>no-repeat;center top;;<\/p>\n<p>auto<\/p>\n<p><img decoding=\"async\" src=\"https:\/\/sottocer.eu\/wp-content\/uploads\/2018\/04\/SOTTOCER_CONCEPT_TULIP_1_20X20.jpg\" alt=\"SOTTOCER_CONCEPT_TULIP_1_20X20\"\/><\/p>\n<h3>Tulip<\/h3>\n<p><span class=\"afmeting-look\">20 x 20 x 0.8 cm<\/span><br \/>\n<a class=\"simple-link\" href=\"https:\/\/sottocer.eu\/fr\/concept\/tulip\">Consultez la collection<\/a><\/p>\n<p>no-repeat;center top;;<\/p>\n<p>auto<\/p>\n<p><img decoding=\"async\" src=\"https:\/\/sottocer.eu\/wp-content\/uploads\/2018\/04\/SOTTOCER_CONCEPT_PLAIN_20X20.jpg\" alt=\"SOTTOCER_CONCEPT_PLAIN_20X20\"\/><\/p>\n<h3>Plain<\/h3>\n<p><span class=\"afmeting-look\">20 x 20 x 0.8 cm<\/span><br \/>\n<a class=\"simple-link\" href=\"https:\/\/sottocer.eu\/fr\/concept\/plain\">Consultez la collection<\/a><\/p>\n<p>no-repeat;center top;;<\/p>\n<p>auto<\/p>\n<p>laat-u-inspireren<\/p>\n","protected":false},"excerpt":{"rendered":"<p>METRO CONCEPT Carreaux c\u00e9ramique La collection CONCEPT vous plonge dans une ambiance r\u00e9tro avec de magnifiques carreaux aux motifs fleuris et \u00e9pur\u00e9s de 20 x 20<span class=\"excerpt-hellip\"> [\u2026]<\/span><\/p>\n","protected":false},"author":1,"featured_media":0,"parent":0,"menu_order":9,"comment_status":"closed","ping_status":"closed","template":"","meta":{"footnotes":""},"class_list":["post-319","page","type-page","status-publish","hentry"],"yoast_head":"<!-- This site is optimized with the Yoast SEO plugin v27.3 - https:\/\/yoast.com\/product\/yoast-seo-wordpress\/ -->\n<title>Sottocer - Vintage in wall and floor - Vloer-en Wandtegelconcept<\/title>\n<meta name=\"description\" content=\"La collection CONCEPT vous plonge dans une ambiance r\u00e9tro avec de magnifiques carreaux aux motifs fleuris et \u00e9pur\u00e9s de 20 x 20 cm. Les carreaux Plain forment une s\u00e9rie de carreaux d\u00e9coratifs unis qu&#039;on peut combiner \u00e0 l&#039;infini avec les autres carreaux de la collection CONCEPT.\" \/>\n<meta name=\"robots\" content=\"index, follow, max-snippet:-1, max-image-preview:large, max-video-preview:-1\" \/>\n<link rel=\"canonical\" href=\"https:\/\/sottocer.eu\/de\/concept\/\" \/>\n<meta property=\"og:locale\" content=\"fr_FR\" \/>\n<meta property=\"og:type\" content=\"article\" \/>\n<meta property=\"og:title\" content=\"Sottocer - Vintage in wall and floor - Vloer-en Wandtegelconcept\" \/>\n<meta property=\"og:description\" content=\"La collection CONCEPT vous plonge dans une ambiance r\u00e9tro avec de magnifiques carreaux aux motifs fleuris et \u00e9pur\u00e9s de 20 x 20 cm. Les carreaux Plain forment une s\u00e9rie de carreaux d\u00e9coratifs unis qu&#039;on peut combiner \u00e0 l&#039;infini avec les autres carreaux de la collection CONCEPT.\" \/>\n<meta property=\"og:url\" content=\"https:\/\/sottocer.eu\/de\/concept\/\" \/>\n<meta property=\"og:site_name\" content=\"Sottocer\" \/>\n<meta property=\"article:modified_time\" content=\"2024-07-29T07:35:31+00:00\" \/>\n<meta property=\"og:image\" content=\"https:\/\/sottocer.eu\/wp-content\/uploads\/2018\/04\/SOTTOCER_CONCEPT_LILY_1_20X20.jpg\" \/>\n<meta name=\"twitter:card\" content=\"summary_large_image\" \/>\n<script type=\"application\/ld+json\" class=\"yoast-schema-graph\">{\"@context\":\"https:\\\/\\\/schema.org\",\"@graph\":[{\"@type\":\"WebPage\",\"@id\":\"https:\\\/\\\/sottocer.eu\\\/de\\\/concept\\\/\",\"url\":\"https:\\\/\\\/sottocer.eu\\\/de\\\/concept\\\/\",\"name\":\"Sottocer - Vintage in wall and floor - Vloer-en Wandtegelconcept\",\"isPartOf\":{\"@id\":\"https:\\\/\\\/sottocer.eu\\\/#website\"},\"primaryImageOfPage\":{\"@id\":\"https:\\\/\\\/sottocer.eu\\\/de\\\/concept\\\/#primaryimage\"},\"image\":{\"@id\":\"https:\\\/\\\/sottocer.eu\\\/de\\\/concept\\\/#primaryimage\"},\"thumbnailUrl\":\"https:\\\/\\\/sottocer.eu\\\/wp-content\\\/uploads\\\/2018\\\/04\\\/SOTTOCER_CONCEPT_LILY_1_20X20.jpg\",\"datePublished\":\"2018-03-27T12:14:01+00:00\",\"dateModified\":\"2024-07-29T07:35:31+00:00\",\"description\":\"La collection CONCEPT vous plonge dans une ambiance r\u00e9tro avec de magnifiques carreaux aux motifs fleuris et \u00e9pur\u00e9s de 20 x 20 cm. Les carreaux Plain forment une s\u00e9rie de carreaux d\u00e9coratifs unis qu'on peut combiner \u00e0 l'infini avec les autres carreaux de la collection CONCEPT.\",\"breadcrumb\":{\"@id\":\"https:\\\/\\\/sottocer.eu\\\/de\\\/concept\\\/#breadcrumb\"},\"inLanguage\":\"fr-FR\",\"potentialAction\":[{\"@type\":\"ReadAction\",\"target\":[\"https:\\\/\\\/sottocer.eu\\\/de\\\/concept\\\/\"]}]},{\"@type\":\"ImageObject\",\"inLanguage\":\"fr-FR\",\"@id\":\"https:\\\/\\\/sottocer.eu\\\/de\\\/concept\\\/#primaryimage\",\"url\":\"https:\\\/\\\/sottocer.eu\\\/wp-content\\\/uploads\\\/2018\\\/04\\\/SOTTOCER_CONCEPT_LILY_1_20X20.jpg\",\"contentUrl\":\"https:\\\/\\\/sottocer.eu\\\/wp-content\\\/uploads\\\/2018\\\/04\\\/SOTTOCER_CONCEPT_LILY_1_20X20.jpg\"},{\"@type\":\"BreadcrumbList\",\"@id\":\"https:\\\/\\\/sottocer.eu\\\/de\\\/concept\\\/#breadcrumb\",\"itemListElement\":[{\"@type\":\"ListItem\",\"position\":1,\"name\":\"Home\",\"item\":\"https:\\\/\\\/sottocer.eu\\\/\"},{\"@type\":\"ListItem\",\"position\":2,\"name\":\"Concept\"}]},{\"@type\":\"WebSite\",\"@id\":\"https:\\\/\\\/sottocer.eu\\\/#website\",\"url\":\"https:\\\/\\\/sottocer.eu\\\/\",\"name\":\"Sottocer\",\"description\":\"vintage in wall and floor\",\"publisher\":{\"@id\":\"https:\\\/\\\/sottocer.eu\\\/#organization\"},\"potentialAction\":[{\"@type\":\"SearchAction\",\"target\":{\"@type\":\"EntryPoint\",\"urlTemplate\":\"https:\\\/\\\/sottocer.eu\\\/?s={search_term_string}\"},\"query-input\":{\"@type\":\"PropertyValueSpecification\",\"valueRequired\":true,\"valueName\":\"search_term_string\"}}],\"inLanguage\":\"fr-FR\"},{\"@type\":\"Organization\",\"@id\":\"https:\\\/\\\/sottocer.eu\\\/#organization\",\"name\":\"Sottocer\",\"url\":\"https:\\\/\\\/sottocer.eu\\\/\",\"logo\":{\"@type\":\"ImageObject\",\"inLanguage\":\"fr-FR\",\"@id\":\"https:\\\/\\\/sottocer.eu\\\/#\\\/schema\\\/logo\\\/image\\\/\",\"url\":\"https:\\\/\\\/sottocer.eu\\\/wp-content\\\/uploads\\\/2017\\\/09\\\/logo-sottocer.png\",\"contentUrl\":\"https:\\\/\\\/sottocer.eu\\\/wp-content\\\/uploads\\\/2017\\\/09\\\/logo-sottocer.png\",\"width\":241,\"height\":241,\"caption\":\"Sottocer\"},\"image\":{\"@id\":\"https:\\\/\\\/sottocer.eu\\\/#\\\/schema\\\/logo\\\/image\\\/\"}}]}<\/script>\n<!-- \/ Yoast SEO plugin. -->","yoast_head_json":{"title":"Sottocer - Vintage in wall and floor - Vloer-en Wandtegelconcept","description":"La collection CONCEPT vous plonge dans une ambiance r\u00e9tro avec de magnifiques carreaux aux motifs fleuris et \u00e9pur\u00e9s de 20 x 20 cm. Les carreaux Plain forment une s\u00e9rie de carreaux d\u00e9coratifs unis qu'on peut combiner \u00e0 l'infini avec les autres carreaux de la collection CONCEPT.","robots":{"index":"index","follow":"follow","max-snippet":"max-snippet:-1","max-image-preview":"max-image-preview:large","max-video-preview":"max-video-preview:-1"},"canonical":"https:\/\/sottocer.eu\/de\/concept\/","og_locale":"fr_FR","og_type":"article","og_title":"Sottocer - Vintage in wall and floor - Vloer-en Wandtegelconcept","og_description":"La collection CONCEPT vous plonge dans une ambiance r\u00e9tro avec de magnifiques carreaux aux motifs fleuris et \u00e9pur\u00e9s de 20 x 20 cm. Les carreaux Plain forment une s\u00e9rie de carreaux d\u00e9coratifs unis qu'on peut combiner \u00e0 l'infini avec les autres carreaux de la collection CONCEPT.","og_url":"https:\/\/sottocer.eu\/de\/concept\/","og_site_name":"Sottocer","article_modified_time":"2024-07-29T07:35:31+00:00","og_image":[{"url":"https:\/\/sottocer.eu\/wp-content\/uploads\/2018\/04\/SOTTOCER_CONCEPT_LILY_1_20X20.jpg","type":"","width":"","height":""}],"twitter_card":"summary_large_image","schema":{"@context":"https:\/\/schema.org","@graph":[{"@type":"WebPage","@id":"https:\/\/sottocer.eu\/de\/concept\/","url":"https:\/\/sottocer.eu\/de\/concept\/","name":"Sottocer - Vintage in wall and floor - Vloer-en Wandtegelconcept","isPartOf":{"@id":"https:\/\/sottocer.eu\/#website"},"primaryImageOfPage":{"@id":"https:\/\/sottocer.eu\/de\/concept\/#primaryimage"},"image":{"@id":"https:\/\/sottocer.eu\/de\/concept\/#primaryimage"},"thumbnailUrl":"https:\/\/sottocer.eu\/wp-content\/uploads\/2018\/04\/SOTTOCER_CONCEPT_LILY_1_20X20.jpg","datePublished":"2018-03-27T12:14:01+00:00","dateModified":"2024-07-29T07:35:31+00:00","description":"La collection CONCEPT vous plonge dans une ambiance r\u00e9tro avec de magnifiques carreaux aux motifs fleuris et \u00e9pur\u00e9s de 20 x 20 cm. Les carreaux Plain forment une s\u00e9rie de carreaux d\u00e9coratifs unis qu'on peut combiner \u00e0 l'infini avec les autres carreaux de la collection CONCEPT.","breadcrumb":{"@id":"https:\/\/sottocer.eu\/de\/concept\/#breadcrumb"},"inLanguage":"fr-FR","potentialAction":[{"@type":"ReadAction","target":["https:\/\/sottocer.eu\/de\/concept\/"]}]},{"@type":"ImageObject","inLanguage":"fr-FR","@id":"https:\/\/sottocer.eu\/de\/concept\/#primaryimage","url":"https:\/\/sottocer.eu\/wp-content\/uploads\/2018\/04\/SOTTOCER_CONCEPT_LILY_1_20X20.jpg","contentUrl":"https:\/\/sottocer.eu\/wp-content\/uploads\/2018\/04\/SOTTOCER_CONCEPT_LILY_1_20X20.jpg"},{"@type":"BreadcrumbList","@id":"https:\/\/sottocer.eu\/de\/concept\/#breadcrumb","itemListElement":[{"@type":"ListItem","position":1,"name":"Home","item":"https:\/\/sottocer.eu\/"},{"@type":"ListItem","position":2,"name":"Concept"}]},{"@type":"WebSite","@id":"https:\/\/sottocer.eu\/#website","url":"https:\/\/sottocer.eu\/","name":"Sottocer","description":"vintage in wall and floor","publisher":{"@id":"https:\/\/sottocer.eu\/#organization"},"potentialAction":[{"@type":"SearchAction","target":{"@type":"EntryPoint","urlTemplate":"https:\/\/sottocer.eu\/?s={search_term_string}"},"query-input":{"@type":"PropertyValueSpecification","valueRequired":true,"valueName":"search_term_string"}}],"inLanguage":"fr-FR"},{"@type":"Organization","@id":"https:\/\/sottocer.eu\/#organization","name":"Sottocer","url":"https:\/\/sottocer.eu\/","logo":{"@type":"ImageObject","inLanguage":"fr-FR","@id":"https:\/\/sottocer.eu\/#\/schema\/logo\/image\/","url":"https:\/\/sottocer.eu\/wp-content\/uploads\/2017\/09\/logo-sottocer.png","contentUrl":"https:\/\/sottocer.eu\/wp-content\/uploads\/2017\/09\/logo-sottocer.png","width":241,"height":241,"caption":"Sottocer"},"image":{"@id":"https:\/\/sottocer.eu\/#\/schema\/logo\/image\/"}}]}},"_links":{"self":[{"href":"https:\/\/sottocer.eu\/fr\/wp-json\/wp\/v2\/pages\/319","targetHints":{"allow":["GET"]}}],"collection":[{"href":"https:\/\/sottocer.eu\/fr\/wp-json\/wp\/v2\/pages"}],"about":[{"href":"https:\/\/sottocer.eu\/fr\/wp-json\/wp\/v2\/types\/page"}],"author":[{"embeddable":true,"href":"https:\/\/sottocer.eu\/fr\/wp-json\/wp\/v2\/users\/1"}],"replies":[{"embeddable":true,"href":"https:\/\/sottocer.eu\/fr\/wp-json\/wp\/v2\/comments?post=319"}],"version-history":[{"count":3,"href":"https:\/\/sottocer.eu\/fr\/wp-json\/wp\/v2\/pages\/319\/revisions"}],"predecessor-version":[{"id":640,"href":"https:\/\/sottocer.eu\/fr\/wp-json\/wp\/v2\/pages\/319\/revisions\/640"}],"wp:attachment":[{"href":"https:\/\/sottocer.eu\/fr\/wp-json\/wp\/v2\/media?parent=319"}],"curies":[{"name":"wp","href":"https:\/\/api.w.org\/{rel}","templated":true}]}}