{"id":330,"date":"2018-03-27T17:09:12","date_gmt":"2018-03-27T15:09:12","guid":{"rendered":"https:\/\/sottocer.eu\/?page_id=330"},"modified":"2024-09-05T10:06:24","modified_gmt":"2024-09-05T08:06:24","slug":"block-glossy","status":"publish","type":"page","link":"https:\/\/sottocer.eu\/fr\/block-glossy\/","title":{"rendered":"Block glossy"},"content":{"rendered":"","protected":false},"excerpt":{"rendered":"","protected":false},"author":1,"featured_media":0,"parent":0,"menu_order":17,"comment_status":"closed","ping_status":"closed","template":"","meta":{"footnotes":""},"class_list":["post-330","page","type-page","status-publish","hentry"],"yoast_head":"<!-- This site is optimized with the Yoast SEO plugin v27.3 - https:\/\/yoast.com\/product\/yoast-seo-wordpress\/ -->\n<title>Sottocer - Vintage in wall and floor - Vloer-en Wandtegelconcept<\/title>\n<meta name=\"description\" content=\"L&#039;allure cr\u00e9\u00e9e \u00e0 la main des carreaux de la collection Block se d\u00e9cline en 6 couleurs contemporaines qui permettent de donner \u00e0 chaque mur le caract\u00e8re que vous voulez. Les 3 formats pratiques peuvent \u00eatre appliqu\u00e9s partout.\" \/>\n<meta name=\"robots\" content=\"index, follow, max-snippet:-1, max-image-preview:large, max-video-preview:-1\" \/>\n<link rel=\"canonical\" href=\"https:\/\/sottocer.eu\/block-glossy\/\" \/>\n<meta property=\"og:locale\" content=\"fr_FR\" \/>\n<meta property=\"og:type\" content=\"article\" \/>\n<meta property=\"og:title\" content=\"Sottocer - Vintage in wall and floor - Vloer-en Wandtegelconcept\" \/>\n<meta property=\"og:description\" content=\"L&#039;allure cr\u00e9\u00e9e \u00e0 la main des carreaux de la collection Block se d\u00e9cline en 6 couleurs contemporaines qui permettent de donner \u00e0 chaque mur le caract\u00e8re que vous voulez. Les 3 formats pratiques peuvent \u00eatre appliqu\u00e9s partout.\" \/>\n<meta property=\"og:url\" content=\"https:\/\/sottocer.eu\/block-glossy\/\" \/>\n<meta property=\"og:site_name\" content=\"Sottocer\" \/>\n<meta property=\"article:modified_time\" content=\"2024-09-05T08:06:24+00:00\" \/>\n<meta name=\"twitter:card\" content=\"summary_large_image\" \/>\n<script type=\"application\/ld+json\" class=\"yoast-schema-graph\">{\"@context\":\"https:\\\/\\\/schema.org\",\"@graph\":[{\"@type\":\"WebPage\",\"@id\":\"https:\\\/\\\/sottocer.eu\\\/block-glossy\\\/\",\"url\":\"https:\\\/\\\/sottocer.eu\\\/block-glossy\\\/\",\"name\":\"Sottocer - Vintage in wall and floor - Vloer-en Wandtegelconcept\",\"isPartOf\":{\"@id\":\"https:\\\/\\\/sottocer.eu\\\/#website\"},\"datePublished\":\"2018-03-27T15:09:12+00:00\",\"dateModified\":\"2024-09-05T08:06:24+00:00\",\"description\":\"L'allure cr\u00e9\u00e9e \u00e0 la main des carreaux de la collection Block se d\u00e9cline en 6 couleurs contemporaines qui permettent de donner \u00e0 chaque mur le caract\u00e8re que vous voulez. Les 3 formats pratiques peuvent \u00eatre appliqu\u00e9s partout.\",\"breadcrumb\":{\"@id\":\"https:\\\/\\\/sottocer.eu\\\/block-glossy\\\/#breadcrumb\"},\"inLanguage\":\"fr-FR\",\"potentialAction\":[{\"@type\":\"ReadAction\",\"target\":[\"https:\\\/\\\/sottocer.eu\\\/block-glossy\\\/\"]}]},{\"@type\":\"BreadcrumbList\",\"@id\":\"https:\\\/\\\/sottocer.eu\\\/block-glossy\\\/#breadcrumb\",\"itemListElement\":[{\"@type\":\"ListItem\",\"position\":1,\"name\":\"Home\",\"item\":\"https:\\\/\\\/sottocer.eu\\\/\"},{\"@type\":\"ListItem\",\"position\":2,\"name\":\"Block glossy\"}]},{\"@type\":\"WebSite\",\"@id\":\"https:\\\/\\\/sottocer.eu\\\/#website\",\"url\":\"https:\\\/\\\/sottocer.eu\\\/\",\"name\":\"Sottocer\",\"description\":\"vintage in wall and floor\",\"publisher\":{\"@id\":\"https:\\\/\\\/sottocer.eu\\\/#organization\"},\"potentialAction\":[{\"@type\":\"SearchAction\",\"target\":{\"@type\":\"EntryPoint\",\"urlTemplate\":\"https:\\\/\\\/sottocer.eu\\\/?s={search_term_string}\"},\"query-input\":{\"@type\":\"PropertyValueSpecification\",\"valueRequired\":true,\"valueName\":\"search_term_string\"}}],\"inLanguage\":\"fr-FR\"},{\"@type\":\"Organization\",\"@id\":\"https:\\\/\\\/sottocer.eu\\\/#organization\",\"name\":\"Sottocer\",\"url\":\"https:\\\/\\\/sottocer.eu\\\/\",\"logo\":{\"@type\":\"ImageObject\",\"inLanguage\":\"fr-FR\",\"@id\":\"https:\\\/\\\/sottocer.eu\\\/#\\\/schema\\\/logo\\\/image\\\/\",\"url\":\"https:\\\/\\\/sottocer.eu\\\/wp-content\\\/uploads\\\/2017\\\/09\\\/logo-sottocer.png\",\"contentUrl\":\"https:\\\/\\\/sottocer.eu\\\/wp-content\\\/uploads\\\/2017\\\/09\\\/logo-sottocer.png\",\"width\":241,\"height\":241,\"caption\":\"Sottocer\"},\"image\":{\"@id\":\"https:\\\/\\\/sottocer.eu\\\/#\\\/schema\\\/logo\\\/image\\\/\"}}]}<\/script>\n<!-- \/ Yoast SEO plugin. -->","yoast_head_json":{"title":"Sottocer - Vintage in wall and floor - Vloer-en Wandtegelconcept","description":"L'allure cr\u00e9\u00e9e \u00e0 la main des carreaux de la collection Block se d\u00e9cline en 6 couleurs contemporaines qui permettent de donner \u00e0 chaque mur le caract\u00e8re que vous voulez. Les 3 formats pratiques peuvent \u00eatre appliqu\u00e9s partout.","robots":{"index":"index","follow":"follow","max-snippet":"max-snippet:-1","max-image-preview":"max-image-preview:large","max-video-preview":"max-video-preview:-1"},"canonical":"https:\/\/sottocer.eu\/block-glossy\/","og_locale":"fr_FR","og_type":"article","og_title":"Sottocer - Vintage in wall and floor - Vloer-en Wandtegelconcept","og_description":"L'allure cr\u00e9\u00e9e \u00e0 la main des carreaux de la collection Block se d\u00e9cline en 6 couleurs contemporaines qui permettent de donner \u00e0 chaque mur le caract\u00e8re que vous voulez. Les 3 formats pratiques peuvent \u00eatre appliqu\u00e9s partout.","og_url":"https:\/\/sottocer.eu\/block-glossy\/","og_site_name":"Sottocer","article_modified_time":"2024-09-05T08:06:24+00:00","twitter_card":"summary_large_image","schema":{"@context":"https:\/\/schema.org","@graph":[{"@type":"WebPage","@id":"https:\/\/sottocer.eu\/block-glossy\/","url":"https:\/\/sottocer.eu\/block-glossy\/","name":"Sottocer - Vintage in wall and floor - Vloer-en Wandtegelconcept","isPartOf":{"@id":"https:\/\/sottocer.eu\/#website"},"datePublished":"2018-03-27T15:09:12+00:00","dateModified":"2024-09-05T08:06:24+00:00","description":"L'allure cr\u00e9\u00e9e \u00e0 la main des carreaux de la collection Block se d\u00e9cline en 6 couleurs contemporaines qui permettent de donner \u00e0 chaque mur le caract\u00e8re que vous voulez. Les 3 formats pratiques peuvent \u00eatre appliqu\u00e9s partout.","breadcrumb":{"@id":"https:\/\/sottocer.eu\/block-glossy\/#breadcrumb"},"inLanguage":"fr-FR","potentialAction":[{"@type":"ReadAction","target":["https:\/\/sottocer.eu\/block-glossy\/"]}]},{"@type":"BreadcrumbList","@id":"https:\/\/sottocer.eu\/block-glossy\/#breadcrumb","itemListElement":[{"@type":"ListItem","position":1,"name":"Home","item":"https:\/\/sottocer.eu\/"},{"@type":"ListItem","position":2,"name":"Block glossy"}]},{"@type":"WebSite","@id":"https:\/\/sottocer.eu\/#website","url":"https:\/\/sottocer.eu\/","name":"Sottocer","description":"vintage in wall and floor","publisher":{"@id":"https:\/\/sottocer.eu\/#organization"},"potentialAction":[{"@type":"SearchAction","target":{"@type":"EntryPoint","urlTemplate":"https:\/\/sottocer.eu\/?s={search_term_string}"},"query-input":{"@type":"PropertyValueSpecification","valueRequired":true,"valueName":"search_term_string"}}],"inLanguage":"fr-FR"},{"@type":"Organization","@id":"https:\/\/sottocer.eu\/#organization","name":"Sottocer","url":"https:\/\/sottocer.eu\/","logo":{"@type":"ImageObject","inLanguage":"fr-FR","@id":"https:\/\/sottocer.eu\/#\/schema\/logo\/image\/","url":"https:\/\/sottocer.eu\/wp-content\/uploads\/2017\/09\/logo-sottocer.png","contentUrl":"https:\/\/sottocer.eu\/wp-content\/uploads\/2017\/09\/logo-sottocer.png","width":241,"height":241,"caption":"Sottocer"},"image":{"@id":"https:\/\/sottocer.eu\/#\/schema\/logo\/image\/"}}]}},"_links":{"self":[{"href":"https:\/\/sottocer.eu\/fr\/wp-json\/wp\/v2\/pages\/330","targetHints":{"allow":["GET"]}}],"collection":[{"href":"https:\/\/sottocer.eu\/fr\/wp-json\/wp\/v2\/pages"}],"about":[{"href":"https:\/\/sottocer.eu\/fr\/wp-json\/wp\/v2\/types\/page"}],"author":[{"embeddable":true,"href":"https:\/\/sottocer.eu\/fr\/wp-json\/wp\/v2\/users\/1"}],"replies":[{"embeddable":true,"href":"https:\/\/sottocer.eu\/fr\/wp-json\/wp\/v2\/comments?post=330"}],"version-history":[{"count":3,"href":"https:\/\/sottocer.eu\/fr\/wp-json\/wp\/v2\/pages\/330\/revisions"}],"predecessor-version":[{"id":3492,"href":"https:\/\/sottocer.eu\/fr\/wp-json\/wp\/v2\/pages\/330\/revisions\/3492"}],"wp:attachment":[{"href":"https:\/\/sottocer.eu\/fr\/wp-json\/wp\/v2\/media?parent=330"}],"curies":[{"name":"wp","href":"https:\/\/api.w.org\/{rel}","templated":true}]}}